{"id":385,"date":"2015-06-04T17:53:18","date_gmt":"2015-06-04T15:53:18","guid":{"rendered":"https:\/\/www.girtelli.com\/allestimenti\/?page_id=385"},"modified":"2018-07-30T09:58:32","modified_gmt":"2018-07-30T07:58:32","slug":"privacy-e-note-legali","status":"publish","type":"page","link":"https:\/\/www.girtelli.com\/allestimenti\/privacy-e-note-legali\/","title":{"rendered":"Privacy e note legali"},"content":{"rendered":"<h1><strong>INFORMATIVA AL TRATTAMENTO DEI DATI PERSONALI<\/strong><\/h1>\n<p>&nbsp;<\/p>\n<p>I dati personali dell&#8217;utente sono utilizzati da Girtelli\u00a0 S.r.l., che ne \u00e8 titolare per il trattamento, nel rispetto dei principi di protezione dei dati personali stabiliti dal Regolamento GDPR 2016\/679.<\/p>\n<p>&nbsp;<\/p>\n<p><strong><u>MODALIT\u00c0 E FINALIT\u00c0 DEL TRATTAMENTO DATI<\/u><\/strong><\/p>\n<ol>\n<li>La informiamo che i dati verranno trattati con il supporto dei seguenti mezzi:\n<ul>\n<li>Mista &#8211; elettronica e cartacea<\/li>\n<\/ul>\n<\/li>\n<\/ol>\n<p>con le seguenti finalit\u00e0:<\/p>\n<ul>\n<li>Adempimento di obblighi di legge connessi a rapporti commerciali<\/li>\n<li>Attivit\u00e0 promozionali<\/li>\n<li>Erogazione del servizio prodotto<\/li>\n<li>Gestione del contenzioso (contratti, ordini, arrivi, fatture)<\/li>\n<li>Gestione della clientela (contratti, ordini, spedizioni e fatture)<\/li>\n<li>Informazione per via telematica<\/li>\n<li>Newsletter<\/li>\n<\/ul>\n<p><strong><u>BASE GIURIDICA<\/u><\/strong><\/p>\n<ol start=\"2\">\n<li>Il conferimento dei dati \u00e8 obbligatorio per tutto quanto \u00e8 richiesto dagli obblighi legali e contrattuali e pertanto l&#8217;eventuale rifiuto a fornirli in tutto o in parte pu\u00f2 dar luogo all&#8217;impossibilit\u00e0 di fornire i servizi richiesti.<\/li>\n<\/ol>\n<p>La societ\u00e0 tratta i dati facoltativi degli utenti in base al consenso, ossia mediante l\u2019approvazione esplicita della presente policy privacy e in relazione alle modalit\u00e0 e finalit\u00e0 di seguito descritte.<\/p>\n<p><strong><u>CATEGORIE DI DESTINATARI<\/u><\/strong><\/p>\n<ol start=\"3\">\n<li>Ferme restando le comunicazioni eseguite in adempimento di obblighi di legge e contrattuali, tutti i dati raccolti ed elaborati potranno essere comunicati esclusivamente per le finalit\u00e0 sopra specificate alle seguenti categorie di interessati:\n<ul>\n<li>Persone autorizzate;<\/li>\n<li>Responsabili esterni;<\/li>\n<li>Societ\u00e0 che effettuano il servizio di logistica di magazzino e trasporto;<\/li>\n<\/ul>\n<\/li>\n<\/ol>\n<p><strong><u>PERIODO DI CONSERVAZIONE<\/u><\/strong><\/p>\n<ol start=\"4\">\n<li>I dati obbligatori ai fini contrattuali e contabili sono conservati per il tempo necessario allo svolgimento del rapporto commerciale e contabile.<\/li>\n<\/ol>\n<p>I dati di chi non acquista o usufruisce di prodotti\/servizi, pur avendo avuto un precedente contatto con dei rappresentanti dell\u2019azienda, saranno immediatamente cancellati o trattati in forma anonima, ove la loro conservazione non risulti altrimenti giustificata, salvo che sia stato acquisito validamente il consenso informato degli interessati relativo ad una successiva attivit\u00e0 di promozione commerciale o ricerca di mercato.<\/p>\n<p>&nbsp;<\/p>\n<p>Il periodo di conservazione dei dati \u00e8: I dati saranno trattati per tutto il tempo necessario allo svolgimento del rapporto commerciale in essere e per i successivi dieci anni dalla data di acquisizione degli stessi.<\/p>\n<p>&nbsp;<\/p>\n<p><strong><u>DIRITTI DELL\u2019INTERESSATO<\/u><\/strong><\/p>\n<p>&nbsp;<\/p>\n<ol start=\"5\">\n<li>Ai sensi del Regolamento europeo 679\/2016 (GDPR) e della normativa nazionale, l&#8217;interessato pu\u00f2, secondo le modalit\u00e0 e nei limiti previsti dalla vigente normativa, esercitare i seguenti diritti:<\/li>\n<\/ol>\n<ul>\n<li>richiedere la conferma dell&#8217;esistenza di dati personali che lo riguardano (diritto di accesso dell\u2019interessato \u2013 art. 15 del Regolamento 679\/2016);<\/li>\n<li>conoscerne l&#8217;origine;<\/li>\n<li>riceverne comunicazione intelligibile;<\/li>\n<li>avere informazioni circa la logica, le modalit\u00e0 e le finalit\u00e0 del trattamento;<\/li>\n<li>richiederne l&#8217;aggiornamento, la rettifica, l&#8217;integrazione, la cancellazione, la trasformazione in forma anonima, il blocco dei dati trattati in violazione di legge, ivi compresi quelli non pi\u00f9 necessari al perseguimento degli scopi per i quali sono stati raccolti (diritto di rettifica e cancellazione \u2013 artt. 16 e 17 del Regolamento 679\/2016);<\/li>\n<li>diritto di limitazione e\/o di opposizione al trattamento dei dati che lo riguardano (art. 18 del Regolamento 679\/2016);<\/li>\n<li>diritto di revoca;<\/li>\n<li>diritto alla portabilit\u00e0 dei dati (art. 20 del Regolamento 679\/2016);<\/li>\n<li>nei casi di trattamento basato su consenso, ricevere i propri dati forniti al titolare, in forma strutturata e leggibile da un elaboratore di dati e in un formato comunemente usato da un dispositivo elettronico;<\/li>\n<li>il diritto di presentare un reclamo all\u2019Autorit\u00e0 di controllo (diritto di accesso dell\u2019interessato \u2013 art. 15 del Regolamento 679\/2016).<\/li>\n<\/ul>\n<p>&nbsp;<\/p>\n<ol start=\"6\">\n<li>Titolare del trattamento dei Suoi dati personali \u00e8 Girtelli s.r.l., p.iva 07313110632, c.f. 07313110632<\/li>\n<\/ol>\n<ul>\n<li>Email: amministrazione@girtelli.com<\/li>\n<li>PEC: girtelli@pec.it<\/li>\n<li>Telefono: 0815875826<\/li>\n<li>GIRTELLI FABIO<\/li>\n<\/ul>\n<p>&nbsp;<\/p>\n<p>La presente privacy policy pu\u00f2 subire modifiche nel tempo \u2013 anche connesse all&#8217;eventuale entrata in vigore di nuove normative di settore, all&#8217;aggiornamento o erogazione di nuovi servizi ovvero ad intervenute innovazioni tecnologiche \u2013 per cui l&#8217;utente\/visitatore \u00e8 invitato a consultare periodicamente questa pagina www.girtelli.com.<\/p>\n<p>&nbsp;<\/p>\n","protected":false},"excerpt":{"rendered":"<p>INFORMATIVA AL TRATTAMENTO DEI DATI PERSONALI &nbsp; I dati personali dell&#8217;utente sono utilizzati da Girtelli\u00a0 S.r.l., che ne \u00e8 titolare per il trattamento, nel rispetto dei principi di protezione dei dati personali stabiliti dal Regolamento GDPR 2016\/679. &nbsp; MODALIT\u00c0 E FINALIT\u00c0 DEL TRATTAMENTO DATI La informiamo che i dati verranno trattati con il supporto dei seguenti mezzi: Mista &#8211; elettronica e cartacea con le seguenti finalit\u00e0: Adempimento di obblighi di legge connessi a rapporti commerciali Attivit\u00e0 promozionali Erogazione del servizio prodotto Gestione del contenzioso (contratti, ordini, arrivi, fatture) Gestione della clientela (contratti, ordini, spedizioni e fatture) Informazione per via telematica Newsletter BASE GIURIDICA Il conferimento dei dati \u00e8 obbligatorio per tutto quanto \u00e8 richiesto dagli obblighi legali e contrattuali e pertanto l&#8217;eventuale rifiuto a fornirli in tutto o in parte pu\u00f2 dar luogo all&#8217;impossibilit\u00e0 di fornire i servizi richiesti. La societ\u00e0 tratta i dati facoltativi degli utenti in base al consenso, ossia mediante l\u2019approvazione esplicita della presente policy privacy e in relazione alle modalit\u00e0 e finalit\u00e0 di seguito descritte. CATEGORIE DI DESTINATARI Ferme restando le comunicazioni eseguite in adempimento di obblighi di legge e contrattuali, tutti i dati raccolti ed elaborati potranno essere comunicati esclusivamente per le finalit\u00e0 sopra specificate alle seguenti categorie di interessati: Persone autorizzate; Responsabili esterni; Societ\u00e0 che effettuano il servizio di logistica di magazzino e trasporto; PERIODO DI CONSERVAZIONE I dati obbligatori ai fini contrattuali e contabili sono conservati per il tempo necessario allo svolgimento del rapporto commerciale e contabile. I dati di chi non acquista o usufruisce di prodotti\/servizi, pur avendo avuto un precedente contatto con dei rappresentanti dell\u2019azienda, saranno immediatamente cancellati o trattati in forma anonima, ove la loro conservazione non risulti altrimenti giustificata, salvo che sia stato acquisito validamente il consenso informato degli interessati relativo ad una successiva attivit\u00e0 di promozione commerciale o ricerca di mercato. &nbsp; Il periodo di conservazione dei dati \u00e8: I dati saranno trattati per tutto il tempo necessario allo svolgimento del rapporto commerciale in essere e per i successivi dieci anni dalla data di acquisizione degli stessi. &nbsp; DIRITTI DELL\u2019INTERESSATO &nbsp; Ai sensi del Regolamento europeo 679\/2016 (GDPR) e della normativa nazionale, l&#8217;interessato pu\u00f2, secondo le modalit\u00e0 e nei limiti previsti dalla vigente normativa, esercitare i seguenti diritti: richiedere la conferma dell&#8217;esistenza di dati personali che lo riguardano (diritto di accesso dell\u2019interessato \u2013 art. 15 del Regolamento 679\/2016); conoscerne l&#8217;origine; riceverne comunicazione intelligibile; avere informazioni circa la logica, le modalit\u00e0 e le finalit\u00e0 del trattamento; richiederne l&#8217;aggiornamento, la rettifica, l&#8217;integrazione, la cancellazione, la trasformazione in forma anonima, il blocco dei dati trattati in violazione di legge, ivi compresi quelli non pi\u00f9 necessari al perseguimento degli scopi per i quali sono stati raccolti (diritto di rettifica e cancellazione \u2013 artt. 16 e 17 del Regolamento 679\/2016); diritto di limitazione e\/o di opposizione al trattamento dei dati che lo riguardano (art. 18 del Regolamento 679\/2016); diritto di revoca; diritto alla portabilit\u00e0 dei dati (art. 20 del Regolamento 679\/2016); nei casi di trattamento basato su consenso, ricevere i propri dati forniti<\/p>\n","protected":false},"author":4,"featured_media":0,"parent":0,"menu_order":0,"comment_status":"closed","ping_status":"closed","template":"tmp-page-no-sidebar.php","meta":{"footnotes":""},"class_list":["post-385","page","type-page","status-publish","hentry"],"yoast_head":"<!-- This site is optimized with the Yoast SEO plugin v27.6 - https:\/\/yoast.com\/product\/yoast-seo-wordpress\/ -->\n<title>Privacy e note legali girtelli.com<\/title>\n<meta name=\"description\" content=\"Privacy e note legali girtelli.com\" \/>\n<meta name=\"robots\" content=\"index, follow, max-snippet:-1, max-image-preview:large, max-video-preview:-1\" \/>\n<link rel=\"canonical\" href=\"https:\/\/www.girtelli.com\/allestimenti\/privacy-e-note-legali\/\" \/>\n<meta property=\"og:locale\" content=\"it_IT\" \/>\n<meta property=\"og:type\" content=\"article\" \/>\n<meta property=\"og:title\" content=\"Privacy e note legali girtelli.com\" \/>\n<meta property=\"og:description\" content=\"Privacy e note legali girtelli.com\" \/>\n<meta property=\"og:url\" content=\"https:\/\/www.girtelli.com\/allestimenti\/privacy-e-note-legali\/\" \/>\n<meta property=\"og:site_name\" content=\"Girtelli Allestimenti\" \/>\n<meta property=\"article:publisher\" content=\"https:\/\/www.facebook.com\/Girtellisrl\/\" \/>\n<meta property=\"article:modified_time\" content=\"2018-07-30T07:58:32+00:00\" \/>\n<meta name=\"twitter:label1\" content=\"Tempo di lettura stimato\" \/>\n\t<meta name=\"twitter:data1\" content=\"3 minuti\" \/>\n<script type=\"application\/ld+json\" class=\"yoast-schema-graph\">{\"@context\":\"https:\\\/\\\/schema.org\",\"@graph\":[{\"@type\":\"WebPage\",\"@id\":\"https:\\\/\\\/www.girtelli.com\\\/allestimenti\\\/privacy-e-note-legali\\\/\",\"url\":\"https:\\\/\\\/www.girtelli.com\\\/allestimenti\\\/privacy-e-note-legali\\\/\",\"name\":\"Privacy e note legali girtelli.com\",\"isPartOf\":{\"@id\":\"https:\\\/\\\/www.girtelli.com\\\/allestimenti\\\/#website\"},\"datePublished\":\"2015-06-04T15:53:18+00:00\",\"dateModified\":\"2018-07-30T07:58:32+00:00\",\"description\":\"Privacy e note legali girtelli.com\",\"breadcrumb\":{\"@id\":\"https:\\\/\\\/www.girtelli.com\\\/allestimenti\\\/privacy-e-note-legali\\\/#breadcrumb\"},\"inLanguage\":\"it-IT\",\"potentialAction\":[{\"@type\":\"ReadAction\",\"target\":[\"https:\\\/\\\/www.girtelli.com\\\/allestimenti\\\/privacy-e-note-legali\\\/\"]}]},{\"@type\":\"BreadcrumbList\",\"@id\":\"https:\\\/\\\/www.girtelli.com\\\/allestimenti\\\/privacy-e-note-legali\\\/#breadcrumb\",\"itemListElement\":[{\"@type\":\"ListItem\",\"position\":1,\"name\":\"Home\",\"item\":\"https:\\\/\\\/www.girtelli.com\\\/allestimenti\\\/\"},{\"@type\":\"ListItem\",\"position\":2,\"name\":\"Privacy e note legali\"}]},{\"@type\":\"WebSite\",\"@id\":\"https:\\\/\\\/www.girtelli.com\\\/allestimenti\\\/#website\",\"url\":\"https:\\\/\\\/www.girtelli.com\\\/allestimenti\\\/\",\"name\":\"Girtelli Allestimenti\",\"description\":\"\",\"publisher\":{\"@id\":\"https:\\\/\\\/www.girtelli.com\\\/allestimenti\\\/#organization\"},\"potentialAction\":[{\"@type\":\"SearchAction\",\"target\":{\"@type\":\"EntryPoint\",\"urlTemplate\":\"https:\\\/\\\/www.girtelli.com\\\/allestimenti\\\/?s={search_term_string}\"},\"query-input\":{\"@type\":\"PropertyValueSpecification\",\"valueRequired\":true,\"valueName\":\"search_term_string\"}}],\"inLanguage\":\"it-IT\"},{\"@type\":\"Organization\",\"@id\":\"https:\\\/\\\/www.girtelli.com\\\/allestimenti\\\/#organization\",\"name\":\"Girtelli Allestimenti Napoli\",\"url\":\"https:\\\/\\\/www.girtelli.com\\\/allestimenti\\\/\",\"logo\":{\"@type\":\"ImageObject\",\"inLanguage\":\"it-IT\",\"@id\":\"https:\\\/\\\/www.girtelli.com\\\/allestimenti\\\/#\\\/schema\\\/logo\\\/image\\\/\",\"url\":\"https:\\\/\\\/www.girtelli.com\\\/allestimenti\\\/wp-content\\\/uploads\\\/2014\\\/03\\\/allestimenti-girtelli-logo.jpg\",\"contentUrl\":\"https:\\\/\\\/www.girtelli.com\\\/allestimenti\\\/wp-content\\\/uploads\\\/2014\\\/03\\\/allestimenti-girtelli-logo.jpg\",\"width\":359,\"height\":85,\"caption\":\"Girtelli Allestimenti Napoli\"},\"image\":{\"@id\":\"https:\\\/\\\/www.girtelli.com\\\/allestimenti\\\/#\\\/schema\\\/logo\\\/image\\\/\"},\"sameAs\":[\"https:\\\/\\\/www.facebook.com\\\/Girtellisrl\\\/\"]}]}<\/script>\n<!-- \/ Yoast SEO plugin. -->","yoast_head_json":{"title":"Privacy e note legali girtelli.com","description":"Privacy e note legali girtelli.com","robots":{"index":"index","follow":"follow","max-snippet":"max-snippet:-1","max-image-preview":"max-image-preview:large","max-video-preview":"max-video-preview:-1"},"canonical":"https:\/\/www.girtelli.com\/allestimenti\/privacy-e-note-legali\/","og_locale":"it_IT","og_type":"article","og_title":"Privacy e note legali girtelli.com","og_description":"Privacy e note legali girtelli.com","og_url":"https:\/\/www.girtelli.com\/allestimenti\/privacy-e-note-legali\/","og_site_name":"Girtelli Allestimenti","article_publisher":"https:\/\/www.facebook.com\/Girtellisrl\/","article_modified_time":"2018-07-30T07:58:32+00:00","twitter_misc":{"Tempo di lettura stimato":"3 minuti"},"schema":{"@context":"https:\/\/schema.org","@graph":[{"@type":"WebPage","@id":"https:\/\/www.girtelli.com\/allestimenti\/privacy-e-note-legali\/","url":"https:\/\/www.girtelli.com\/allestimenti\/privacy-e-note-legali\/","name":"Privacy e note legali girtelli.com","isPartOf":{"@id":"https:\/\/www.girtelli.com\/allestimenti\/#website"},"datePublished":"2015-06-04T15:53:18+00:00","dateModified":"2018-07-30T07:58:32+00:00","description":"Privacy e note legali girtelli.com","breadcrumb":{"@id":"https:\/\/www.girtelli.com\/allestimenti\/privacy-e-note-legali\/#breadcrumb"},"inLanguage":"it-IT","potentialAction":[{"@type":"ReadAction","target":["https:\/\/www.girtelli.com\/allestimenti\/privacy-e-note-legali\/"]}]},{"@type":"BreadcrumbList","@id":"https:\/\/www.girtelli.com\/allestimenti\/privacy-e-note-legali\/#breadcrumb","itemListElement":[{"@type":"ListItem","position":1,"name":"Home","item":"https:\/\/www.girtelli.com\/allestimenti\/"},{"@type":"ListItem","position":2,"name":"Privacy e note legali"}]},{"@type":"WebSite","@id":"https:\/\/www.girtelli.com\/allestimenti\/#website","url":"https:\/\/www.girtelli.com\/allestimenti\/","name":"Girtelli Allestimenti","description":"","publisher":{"@id":"https:\/\/www.girtelli.com\/allestimenti\/#organization"},"potentialAction":[{"@type":"SearchAction","target":{"@type":"EntryPoint","urlTemplate":"https:\/\/www.girtelli.com\/allestimenti\/?s={search_term_string}"},"query-input":{"@type":"PropertyValueSpecification","valueRequired":true,"valueName":"search_term_string"}}],"inLanguage":"it-IT"},{"@type":"Organization","@id":"https:\/\/www.girtelli.com\/allestimenti\/#organization","name":"Girtelli Allestimenti Napoli","url":"https:\/\/www.girtelli.com\/allestimenti\/","logo":{"@type":"ImageObject","inLanguage":"it-IT","@id":"https:\/\/www.girtelli.com\/allestimenti\/#\/schema\/logo\/image\/","url":"https:\/\/www.girtelli.com\/allestimenti\/wp-content\/uploads\/2014\/03\/allestimenti-girtelli-logo.jpg","contentUrl":"https:\/\/www.girtelli.com\/allestimenti\/wp-content\/uploads\/2014\/03\/allestimenti-girtelli-logo.jpg","width":359,"height":85,"caption":"Girtelli Allestimenti Napoli"},"image":{"@id":"https:\/\/www.girtelli.com\/allestimenti\/#\/schema\/logo\/image\/"},"sameAs":["https:\/\/www.facebook.com\/Girtellisrl\/"]}]}},"_links":{"self":[{"href":"https:\/\/www.girtelli.com\/allestimenti\/wp-json\/wp\/v2\/pages\/385","targetHints":{"allow":["GET"]}}],"collection":[{"href":"https:\/\/www.girtelli.com\/allestimenti\/wp-json\/wp\/v2\/pages"}],"about":[{"href":"https:\/\/www.girtelli.com\/allestimenti\/wp-json\/wp\/v2\/types\/page"}],"author":[{"embeddable":true,"href":"https:\/\/www.girtelli.com\/allestimenti\/wp-json\/wp\/v2\/users\/4"}],"replies":[{"embeddable":true,"href":"https:\/\/www.girtelli.com\/allestimenti\/wp-json\/wp\/v2\/comments?post=385"}],"version-history":[{"count":4,"href":"https:\/\/www.girtelli.com\/allestimenti\/wp-json\/wp\/v2\/pages\/385\/revisions"}],"predecessor-version":[{"id":477,"href":"https:\/\/www.girtelli.com\/allestimenti\/wp-json\/wp\/v2\/pages\/385\/revisions\/477"}],"wp:attachment":[{"href":"https:\/\/www.girtelli.com\/allestimenti\/wp-json\/wp\/v2\/media?parent=385"}],"curies":[{"name":"wp","href":"https:\/\/api.w.org\/{rel}","templated":true}]}}